{"id":81,"date":"2021-12-10T08:23:35","date_gmt":"2021-12-10T06:23:35","guid":{"rendered":"http:\/\/vkgrup.lv\/wp\/?page_id=81"},"modified":"2021-12-10T08:24:20","modified_gmt":"2021-12-10T06:24:20","slug":"rekviziti-v","status":"publish","type":"page","link":"http:\/\/vkgrup.lv\/wp\/rekviziti-v\/","title":{"rendered":"Rekviziti"},"content":{"rendered":"\n<p> Nosaukums: SIA <strong>&#8220;Vides konsult\u0101ciju grupa&#8221;<\/strong><br>Re\u0123istr\u0101cijas Nr. 42103093435<br>Juridisk\u0101 adrese: B\u0113rzes iela 11\u201231, Dobele, Dobeles nov., LV-3701<br>Banka A\/S Swedbank<br>IBAN: LV77 HABA 05510 4666 1839<br>SWIFT\/BIC: HABALV 22 <\/p>\n","protected":false},"excerpt":{"rendered":"<p>Nosaukums: SIA &#8220;Vides konsult\u0101ciju grupa&#8221;Re\u0123istr\u0101cijas Nr. 42103093435Juridisk\u0101 adrese: B\u0113rzes iela 11\u201231, Dobele, Dobeles nov., LV-3701Banka A\/S SwedbankIBAN: LV77 HABA 05510 4666 1839SWIFT\/BIC: HABALV 22<\/p>\n","protected":false},"author":1,"featured_media":0,"parent":0,"menu_order":0,"comment_status":"closed","ping_status":"closed","template":"","meta":{"footnotes":""},"class_list":["post-81","page","type-page","status-publish","hentry"],"_links":{"self":[{"href":"http:\/\/vkgrup.lv\/wp\/wp-json\/wp\/v2\/pages\/81","targetHints":{"allow":["GET"]}}],"collection":[{"href":"http:\/\/vkgrup.lv\/wp\/wp-json\/wp\/v2\/pages"}],"about":[{"href":"http:\/\/vkgrup.lv\/wp\/wp-json\/wp\/v2\/types\/page"}],"author":[{"embeddable":true,"href":"http:\/\/vkgrup.lv\/wp\/wp-json\/wp\/v2\/users\/1"}],"replies":[{"embeddable":true,"href":"http:\/\/vkgrup.lv\/wp\/wp-json\/wp\/v2\/comments?post=81"}],"version-history":[{"count":2,"href":"http:\/\/vkgrup.lv\/wp\/wp-json\/wp\/v2\/pages\/81\/revisions"}],"predecessor-version":[{"id":84,"href":"http:\/\/vkgrup.lv\/wp\/wp-json\/wp\/v2\/pages\/81\/revisions\/84"}],"wp:attachment":[{"href":"http:\/\/vkgrup.lv\/wp\/wp-json\/wp\/v2\/media?parent=81"}],"curies":[{"name":"wp","href":"https:\/\/api.w.org\/{rel}","templated":true}]}}